{"id":823,"date":"2022-10-08T12:06:51","date_gmt":"2022-10-08T10:06:51","guid":{"rendered":"https:\/\/www.iridatrio.com\/imprint\/"},"modified":"2023-04-06T12:29:26","modified_gmt":"2023-04-06T10:29:26","slug":"imprint","status":"publish","type":"page","link":"https:\/\/www.iridatrio.com\/en\/imprint\/","title":{"rendered":"Imprint"},"content":{"rendered":"<style>.kb-row-layout-wrap.wp-block-kadence-rowlayout.kb-row-layout-id_be4b4b-a3{margin-top:0px;margin-bottom:0px;}.kb-row-layout-id_be4b4b-a3 > .kt-row-column-wrap{align-content:start;}:where(.kb-row-layout-id_be4b4b-a3 > .kt-row-column-wrap) > .wp-block-kadence-column{justify-content:start;}.kb-row-layout-id_be4b4b-a3 > .kt-row-column-wrap{column-gap:var(--global-kb-gap-md, 2rem);row-gap:var(--global-kb-gap-md, 2rem);padding-top:0px;padding-right:0px;padding-bottom:0px;padding-left:0px;grid-template-columns:minmax(0, 1fr);}.kb-row-layout-id_be4b4b-a3 > .kt-row-layout-overlay{opacity:0.30;}@media all and (max-width: 1024px){.kb-row-layout-id_be4b4b-a3 > .kt-row-column-wrap{grid-template-columns:minmax(0, 1fr);}}@media all and (max-width: 767px){.kb-row-layout-id_be4b4b-a3 > .kt-row-column-wrap{grid-template-columns:minmax(0, 1fr);}}<\/style><div class=\"kb-row-layout-wrap kb-row-layout-id_be4b4b-a3 alignfull has-white-background-color kt-row-has-bg wp-block-kadence-rowlayout\" id=\"iuno-abstand\"><div class=\"kt-row-column-wrap kt-has-1-columns kt-row-layout-equal kt-tab-layout-inherit kt-mobile-layout-row kt-row-valign-top\">\n<style>.kadence-column_b1f98d-a2, .kt-inside-inner-col > .kadence-column_b1f98d-a2:not(.specificity){margin-top:0px;margin-right:0px;margin-bottom:0px;margin-left:0px;}.kadence-column_b1f98d-a2 > .kt-inside-inner-col{padding-top:0px;padding-right:0px;padding-bottom:0px;padding-left:0px;}.kadence-column_b1f98d-a2 > .kt-inside-inner-col,.kadence-column_b1f98d-a2 > .kt-inside-inner-col:before{border-top-left-radius:0px;border-top-right-radius:0px;border-bottom-right-radius:0px;border-bottom-left-radius:0px;}.kadence-column_b1f98d-a2 > .kt-inside-inner-col{column-gap:var(--global-kb-gap-sm, 1rem);}.kadence-column_b1f98d-a2 > .kt-inside-inner-col{flex-direction:column;}.kadence-column_b1f98d-a2 > .kt-inside-inner-col > .aligncenter{width:100%;}.kadence-column_b1f98d-a2 > .kt-inside-inner-col:before{opacity:0.3;}.kadence-column_b1f98d-a2{position:relative;}@media all and (max-width: 1024px){.kadence-column_b1f98d-a2 > .kt-inside-inner-col{flex-direction:column;}}@media all and (max-width: 767px){.kadence-column_b1f98d-a2 > .kt-inside-inner-col{flex-direction:column;}}<\/style>\n<div class=\"wp-block-kadence-column kadence-column_b1f98d-a2 inner-column-1\"><div class=\"kt-inside-inner-col\">\n<div style=\"height:8rem\" aria-hidden=\"true\" class=\"wp-block-spacer\"><\/div>\n<\/div><\/div>\n\n<\/div><\/div>\n\n<style>.kb-row-layout-wrap.wp-block-kadence-rowlayout.kb-row-layout-id_d3be48-3f{margin-top:0px;margin-bottom:0px;}.kb-row-layout-id_d3be48-3f > .kt-row-column-wrap{align-content:start;}:where(.kb-row-layout-id_d3be48-3f > .kt-row-column-wrap) > .wp-block-kadence-column{justify-content:start;}.kb-row-layout-id_d3be48-3f > .kt-row-column-wrap{column-gap:var(--global-kb-gap-md, 2rem);row-gap:var(--global-kb-gap-md, 2rem);padding-top:0px;padding-right:0px;padding-bottom:0px;padding-left:0px;grid-template-columns:minmax(0, 1fr);}.kb-row-layout-id_d3be48-3f > .kt-row-layout-overlay{opacity:0.30;}@media all and (max-width: 1024px){.kb-row-layout-id_d3be48-3f > .kt-row-column-wrap{grid-template-columns:minmax(0, 1fr);}}@media all and (max-width: 767px){.kb-row-layout-id_d3be48-3f > .kt-row-column-wrap{grid-template-columns:minmax(0, 1fr);}}<\/style><div class=\"kb-row-layout-wrap kb-row-layout-id_d3be48-3f alignfull has-white-background-color kt-row-has-bg wp-block-kadence-rowlayout\" id=\"iuno-submenu\"><div class=\"kt-row-column-wrap kt-has-1-columns kt-row-layout-equal kt-tab-layout-inherit kt-mobile-layout-row kt-row-valign-top\">\n<style>.kadence-column_88a180-b0, .kt-inside-inner-col > .kadence-column_88a180-b0:not(.specificity){margin-top:0px;margin-right:0px;margin-bottom:0px;margin-left:0px;}.kadence-column_88a180-b0 > .kt-inside-inner-col{padding-top:0px;padding-right:0px;padding-bottom:0px;padding-left:0px;}.kadence-column_88a180-b0 > .kt-inside-inner-col,.kadence-column_88a180-b0 > .kt-inside-inner-col:before{border-top-left-radius:0px;border-top-right-radius:0px;border-bottom-right-radius:0px;border-bottom-left-radius:0px;}.kadence-column_88a180-b0 > .kt-inside-inner-col{column-gap:var(--global-kb-gap-sm, 1rem);}.kadence-column_88a180-b0 > .kt-inside-inner-col{flex-direction:column;}.kadence-column_88a180-b0 > .kt-inside-inner-col > .aligncenter{width:100%;}.kadence-column_88a180-b0 > .kt-inside-inner-col:before{opacity:0.3;}.kadence-column_88a180-b0{position:relative;}@media all and (max-width: 1024px){.kadence-column_88a180-b0 > .kt-inside-inner-col{flex-direction:column;}}@media all and (max-width: 767px){.kadence-column_88a180-b0 > .kt-inside-inner-col{flex-direction:column;}}<\/style>\n<div class=\"wp-block-kadence-column kadence-column_88a180-b0 inner-column-1\"><div class=\"kt-inside-inner-col\"><style>.kb-row-layout-id_16f6dc-37 > .kt-row-column-wrap{align-content:start;}:where(.kb-row-layout-id_16f6dc-37 > .kt-row-column-wrap) > .wp-block-kadence-column{justify-content:start;}.kb-row-layout-id_16f6dc-37 > .kt-row-column-wrap{column-gap:var(--global-kb-gap-sm, 1rem);row-gap:var(--global-kb-gap-md, 2rem);padding-top:0rem;padding-bottom:0rem;grid-template-columns:repeat(2, minmax(0, 1fr));}.kb-row-layout-id_16f6dc-37 > .kt-row-layout-overlay{opacity:0.30;}@media all and (max-width: 1024px){.kb-row-layout-id_16f6dc-37 > .kt-row-column-wrap{grid-template-columns:repeat(2, minmax(0, 1fr));}}@media all and (max-width: 767px){.kb-row-layout-id_16f6dc-37 > .kt-row-column-wrap{grid-template-columns:repeat(2, minmax(0, 1fr));}}<\/style><div class=\"kb-row-layout-wrap kb-row-layout-id_16f6dc-37 aligncenter container wp-block-kadence-rowlayout\"><div class=\"kt-row-column-wrap kt-has-2-columns kt-row-layout-equal kt-tab-layout-equal kt-mobile-layout-equal kt-row-valign-top\">\n<style>.kadence-column_3f4a38-7a > .kt-inside-inner-col{border-bottom:1px solid #b89600;}.kadence-column_3f4a38-7a > .kt-inside-inner-col,.kadence-column_3f4a38-7a > .kt-inside-inner-col:before{border-top-left-radius:0px;border-top-right-radius:0px;border-bottom-right-radius:0px;border-bottom-left-radius:0px;}.kadence-column_3f4a38-7a > .kt-inside-inner-col{column-gap:var(--global-kb-gap-sm, 1rem);}.kadence-column_3f4a38-7a > .kt-inside-inner-col{flex-direction:column;}.kadence-column_3f4a38-7a > .kt-inside-inner-col > .aligncenter{width:100%;}.kadence-column_3f4a38-7a > .kt-inside-inner-col:before{opacity:0.3;}.kadence-column_3f4a38-7a{position:relative;}@media all and (max-width: 1024px){.kadence-column_3f4a38-7a > .kt-inside-inner-col{border-bottom:1px solid #b89600;flex-direction:column;}}@media all and (max-width: 767px){.kadence-column_3f4a38-7a > .kt-inside-inner-col{border-bottom:1px solid #b89600;flex-direction:column;}}<\/style>\n<div class=\"wp-block-kadence-column kadence-column_3f4a38-7a kb-section-has-link inner-column-1\"><div class=\"kt-inside-inner-col\">\n<p class=\"has-text-align-center\" style=\"text-transform:uppercase\">imprint<\/p>\n<\/div><a href=\"https:\/\/www.iridatrio.com\/en\/imprint\/\" class=\"kb-section-link-overlay\"><\/a><\/div>\n\n\n<style>.kadence-column_11f050-4d > .kt-inside-inner-col{border-bottom:1px solid #ffffff;}.kadence-column_11f050-4d > .kt-inside-inner-col,.kadence-column_11f050-4d > .kt-inside-inner-col:before{border-top-left-radius:0px;border-top-right-radius:0px;border-bottom-right-radius:0px;border-bottom-left-radius:0px;}.kadence-column_11f050-4d > .kt-inside-inner-col{column-gap:var(--global-kb-gap-sm, 1rem);}.kadence-column_11f050-4d > .kt-inside-inner-col{flex-direction:column;}.kadence-column_11f050-4d > .kt-inside-inner-col > .aligncenter{width:100%;}.kadence-column_11f050-4d > .kt-inside-inner-col:before{opacity:0.3;}.kadence-column_11f050-4d{position:relative;}@media all and (max-width: 1024px){.kadence-column_11f050-4d > .kt-inside-inner-col{border-bottom:1px solid #ffffff;flex-direction:column;}}@media all and (max-width: 767px){.kadence-column_11f050-4d > .kt-inside-inner-col{border-bottom:1px solid #ffffff;flex-direction:column;}}<\/style>\n<div class=\"wp-block-kadence-column kadence-column_11f050-4d kb-section-has-link inner-column-2\"><div class=\"kt-inside-inner-col\">\n<p class=\"has-text-align-center\" style=\"text-transform:uppercase\">Data protection<\/p>\n<\/div><a href=\"https:\/\/www.iridatrio.com\/en\/data-protection\/\" class=\"kb-section-link-overlay\"><\/a><\/div>\n\n<\/div><\/div><\/div><\/div>\n\n<\/div><\/div>\n\n<style>.kb-row-layout-id_0549df-41 > .kt-row-column-wrap{align-content:start;}:where(.kb-row-layout-id_0549df-41 > .kt-row-column-wrap) > .wp-block-kadence-column{justify-content:start;}.kb-row-layout-id_0549df-41 > .kt-row-column-wrap{column-gap:var(--global-kb-gap-md, 2rem);row-gap:var(--global-kb-gap-md, 2rem);max-width:var(--wp--style--global--content-size);padding-top:25px;padding-bottom:25px;min-height:100vh;grid-template-columns:minmax(0, 1fr);}.kb-row-layout-id_0549df-41{background-color:rgba(0,0,0,0.1);}.kb-row-layout-id_0549df-41 > .kt-row-layout-overlay{opacity:0.30;}@media all and (max-width: 1024px){.kb-row-layout-id_0549df-41 > .kt-row-column-wrap{grid-template-columns:minmax(0, 1fr);}}@media all and (max-width: 767px){.kb-row-layout-id_0549df-41 > .kt-row-column-wrap{grid-template-columns:minmax(0, 1fr);}}<\/style><div class=\"kb-row-layout-wrap kb-row-layout-id_0549df-41 alignfull kt-row-has-bg wp-block-kadence-rowlayout\" id=\"iuno-content\"><div class=\"kt-row-column-wrap kt-has-1-columns kt-row-layout-equal kt-tab-layout-inherit kt-mobile-layout-row kt-row-valign-top kt-inner-column-height-full kb-theme-content-width\">\n<style>.kadence-column_208ceb-5f > .kt-inside-inner-col,.kadence-column_208ceb-5f > .kt-inside-inner-col:before{border-top-left-radius:0px;border-top-right-radius:0px;border-bottom-right-radius:0px;border-bottom-left-radius:0px;}.kadence-column_208ceb-5f > .kt-inside-inner-col{column-gap:var(--global-kb-gap-sm, 1rem);}.kadence-column_208ceb-5f > .kt-inside-inner-col{flex-direction:column;}.kadence-column_208ceb-5f > .kt-inside-inner-col > .aligncenter{width:100%;}.kadence-column_208ceb-5f > .kt-inside-inner-col:before{opacity:0.3;}.kadence-column_208ceb-5f{position:relative;}@media all and (max-width: 1024px){.kadence-column_208ceb-5f > .kt-inside-inner-col{flex-direction:column;}}@media all and (max-width: 767px){.kadence-column_208ceb-5f > .kt-inside-inner-col{flex-direction:column;}}<\/style>\n<div class=\"wp-block-kadence-column kadence-column_208ceb-5f inner-column-1\"><div class=\"kt-inside-inner-col\"><style>.kb-row-layout-id_94ecb7-e3 > .kt-row-column-wrap{align-content:start;}:where(.kb-row-layout-id_94ecb7-e3 > .kt-row-column-wrap) > .wp-block-kadence-column{justify-content:start;}.kb-row-layout-id_94ecb7-e3 > .kt-row-column-wrap{column-gap:var(--global-kb-gap-md, 2rem);row-gap:var(--global-kb-gap-md, 2rem);padding-top:var(--global-kb-spacing-sm, 1.5rem);padding-bottom:var(--global-kb-spacing-sm, 1.5rem);grid-template-columns:repeat(2, minmax(0, 1fr));}.kb-row-layout-id_94ecb7-e3 > .kt-row-layout-overlay{opacity:0.30;}@media all and (max-width: 1024px){.kb-row-layout-id_94ecb7-e3 > .kt-row-column-wrap{grid-template-columns:repeat(2, minmax(0, 1fr));}}@media all and (max-width: 767px){.kb-row-layout-id_94ecb7-e3 > .kt-row-column-wrap{grid-template-columns:minmax(0, 1fr);}}<\/style><div class=\"kb-row-layout-wrap kb-row-layout-id_94ecb7-e3 aligncenter container wp-block-kadence-rowlayout\"><div class=\"kt-row-column-wrap kt-has-2-columns kt-row-layout-equal kt-tab-layout-inherit kt-mobile-layout-row kt-row-valign-top\">\n<style>.kadence-column_409379-64 > .kt-inside-inner-col,.kadence-column_409379-64 > .kt-inside-inner-col:before{border-top-left-radius:0px;border-top-right-radius:0px;border-bottom-right-radius:0px;border-bottom-left-radius:0px;}.kadence-column_409379-64 > .kt-inside-inner-col{column-gap:var(--global-kb-gap-sm, 1rem);}.kadence-column_409379-64 > .kt-inside-inner-col{flex-direction:column;}.kadence-column_409379-64 > .kt-inside-inner-col > .aligncenter{width:100%;}.kadence-column_409379-64 > .kt-inside-inner-col:before{opacity:0.3;}.kadence-column_409379-64{position:relative;}@media all and (max-width: 1024px){.kadence-column_409379-64 > .kt-inside-inner-col{flex-direction:column;}}@media all and (max-width: 767px){.kadence-column_409379-64 > .kt-inside-inner-col{flex-direction:column;}}<\/style>\n<div class=\"wp-block-kadence-column kadence-column_409379-64 inner-column-1\"><div class=\"kt-inside-inner-col\">\n<h3 class=\"wp-block-heading\">according to \u00a7 5 TMG<\/h3>\n\n\n\n<p>Irida Trio GbR<br>Heinestra\u00dfe 17<br>66121 Saarbr\u00fccken<\/p>\n\n\n\n<p><strong>Represented by:<\/strong><br>Alexander Baier, Johanna Hempen, Oliver L\u00e9onard<\/p>\n\n\n\n<div style=\"height:2rem\" aria-hidden=\"true\" class=\"wp-block-spacer\"><\/div>\n\n\n\n<h3 class=\"wp-block-heading\">Contact<\/h3>\n\n\n\n<p>Phone: 0152 \u00b7 38 47 42 01&nbsp;<br>E-Mail: mail@iridatrio.com<\/p>\n\n\n\n<div style=\"height:2rem\" aria-hidden=\"true\" class=\"wp-block-spacer\"><\/div>\n\n\n\n<div class=\"wp-block-group d-none\"><div class=\"wp-block-group__inner-container is-layout-flow wp-block-group-is-layout-flow\">\n<h3 class=\"wp-block-heading\">Tax Identification Number<\/h3>\n\n\n\n<p>Tax Identification Number according to \u00a7 27 Value Added Tax Act:<br>123<\/p>\n\n\n\n<div style=\"height:2rem\" aria-hidden=\"true\" class=\"wp-block-spacer\"><\/div>\n<\/div><\/div>\n\n\n\n<h3 class=\"wp-block-heading\">Responsible for the content<\/h3>\n\n\n\n<p>Alexander Baier<br>Heinestra\u00dfe 17<br>66121 Saarbr\u00fccken<\/p>\n\n\n\n<div style=\"height:2rem\" aria-hidden=\"true\" class=\"wp-block-spacer\"><\/div>\n\n\n\n<h3 class=\"wp-block-heading\">Settlement of disputes<\/h3>\n\n\n\n<p>We are not bound to participate in any settlement of disputes.<\/p>\n\n\n\n<div style=\"height:2rem\" aria-hidden=\"true\" class=\"wp-block-spacer\"><\/div>\n<\/div><\/div>\n\n\n<style>.kadence-column_de6cd9-e7 > .kt-inside-inner-col,.kadence-column_de6cd9-e7 > .kt-inside-inner-col:before{border-top-left-radius:0px;border-top-right-radius:0px;border-bottom-right-radius:0px;border-bottom-left-radius:0px;}.kadence-column_de6cd9-e7 > .kt-inside-inner-col{column-gap:var(--global-kb-gap-sm, 1rem);}.kadence-column_de6cd9-e7 > .kt-inside-inner-col{flex-direction:column;}.kadence-column_de6cd9-e7 > .kt-inside-inner-col > .aligncenter{width:100%;}.kadence-column_de6cd9-e7 > .kt-inside-inner-col:before{opacity:0.3;}.kadence-column_de6cd9-e7{position:relative;}@media all and (max-width: 1024px){.kadence-column_de6cd9-e7 > .kt-inside-inner-col{flex-direction:column;}}@media all and (max-width: 767px){.kadence-column_de6cd9-e7 > .kt-inside-inner-col{flex-direction:column;}}<\/style>\n<div class=\"wp-block-kadence-column kadence-column_de6cd9-e7 inner-column-2\"><div class=\"kt-inside-inner-col\">\n<h2 class=\"wp-block-heading\">Disclaimer<\/h2>\n\n\n\n<h3 class=\"wp-block-heading\">Liability for internal Content<\/h3>\n\n\n\n<p>The content of our website has been compiled with meticulous care and to the best of our knowledge. However, we cannot assume any liability for the up-to-dateness, completeness or accuracy of any of the pages. Pursuant to section 7, para. 1 of the TMG (Telemediengesetz \u2013 Tele Media Act by German law), we as service providers are liable for our own content on these pages in accordance with general laws. However, pursuant to sections 8 to 10 of the TMG, we as service providers are not under obligation to monitor external information provided or stored on our website. Obligations to removal of any usage of information according to law remain untouched. Any liability concerning this matter can only be assumed from the point in time at which the infringement becomes known to us. Once we have become aware of a specific infringement of the law, we will immediately remove the content in question.<\/p>\n\n\n\n<div style=\"height:2rem\" aria-hidden=\"true\" class=\"wp-block-spacer\"><\/div>\n\n\n\n<h3 class=\"wp-block-heading\">Limitation of liability for external links<\/h3>\n\n\n\n<p>Our website contains links to the websites of third parties (\u201cexternal links\u201d). As the content of these websites is not under our control, we cannot assume any liability for such external content. In all cases, the provider of information of the linked websites is liable for the content and accuracy of the information provided. At the point in time when the links were placed, no infringements of the law were recognisable to us. A permanent control of content considering the linked websites is without any concret hints not reasonable. As soon as an infringement of the law becomes known to us, we will immediately remove the link in question.<\/p>\n\n\n\n<div style=\"height:2rem\" aria-hidden=\"true\" class=\"wp-block-spacer\"><\/div>\n\n\n\n<h3 class=\"wp-block-heading\">Copyright<\/h3>\n\n\n\n<p>The content and works published on this website are governed by the copyright laws of Germany. Any duplication, processing, distribution or any form of utilisation beyond the scope of copyright law shall require the prior written consent of the author or authors in question. Downloads and copies of this website are only for private and not commercial use. As long as the content on this website are not created by the operator, the copyright of third parties is observed. Content of third parties is labelled. If you detected any kind of infringement of copyright we ask you to point it out to us. Once we have become aware of a specific infringement of the law, we will immediately remove the content in question.<\/p>\n<\/div><\/div>\n\n<\/div><\/div><\/div><\/div>\n\n<\/div><\/div>","protected":false},"excerpt":{"rendered":"<p>imprint Data protection according to \u00a7 5 TMG Irida Trio GbRHeinestra\u00dfe 1766121 Saarbr\u00fccken Represented by:Alexander Baier, Johanna Hempen, Oliver L\u00e9onard [&hellip;]<\/p>\n","protected":false},"author":1,"featured_media":0,"parent":0,"menu_order":1000,"comment_status":"closed","ping_status":"closed","template":"","meta":{"_acf_changed":false,"inline_featured_image":false,"footnotes":""},"acf":[],"yoast_head":"<!-- This site is optimized with the Yoast SEO plugin v22.4 - https:\/\/yoast.com\/wordpress\/plugins\/seo\/ -->\n<title>Imprint - Irida Trio \u00b7 Piano Trio<\/title>\n<meta name=\"robots\" content=\"index, follow, max-snippet:-1, max-image-preview:large, max-video-preview:-1\" \/>\n<link rel=\"canonical\" href=\"https:\/\/www.iridatrio.com\/en\/imprint\/\" \/>\n<meta property=\"og:locale\" content=\"en_US\" \/>\n<meta property=\"og:type\" content=\"article\" \/>\n<meta property=\"og:title\" content=\"Imprint - Irida Trio \u00b7 Piano Trio\" \/>\n<meta property=\"og:description\" content=\"imprint Data protection according to \u00a7 5 TMG Irida Trio GbRHeinestra\u00dfe 1766121 Saarbr\u00fccken Represented by:Alexander Baier, Johanna Hempen, Oliver L\u00e9onard [&hellip;]\" \/>\n<meta property=\"og:url\" content=\"https:\/\/www.iridatrio.com\/en\/imprint\/\" \/>\n<meta property=\"og:site_name\" content=\"Irida Trio \u00b7 Piano Trio\" \/>\n<meta property=\"article:publisher\" content=\"https:\/\/www.facebook.com\/iridatrio\/\" \/>\n<meta property=\"article:modified_time\" content=\"2023-04-06T10:29:26+00:00\" \/>\n<meta name=\"twitter:card\" content=\"summary_large_image\" \/>\n<meta name=\"twitter:label1\" content=\"Est. reading time\" \/>\n\t<meta name=\"twitter:data1\" content=\"2 minutes\" \/>\n<script type=\"application\/ld+json\" class=\"yoast-schema-graph\">{\"@context\":\"https:\/\/schema.org\",\"@graph\":[{\"@type\":\"WebPage\",\"@id\":\"https:\/\/www.iridatrio.com\/en\/imprint\/\",\"url\":\"https:\/\/www.iridatrio.com\/en\/imprint\/\",\"name\":\"Imprint - Irida Trio \u00b7 Piano Trio\",\"isPartOf\":{\"@id\":\"https:\/\/www.iridatrio.com\/en\/#website\"},\"datePublished\":\"2022-10-08T10:06:51+00:00\",\"dateModified\":\"2023-04-06T10:29:26+00:00\",\"breadcrumb\":{\"@id\":\"https:\/\/www.iridatrio.com\/en\/imprint\/#breadcrumb\"},\"inLanguage\":\"en-US\",\"potentialAction\":[{\"@type\":\"ReadAction\",\"target\":[\"https:\/\/www.iridatrio.com\/en\/imprint\/\"]}]},{\"@type\":\"BreadcrumbList\",\"@id\":\"https:\/\/www.iridatrio.com\/en\/imprint\/#breadcrumb\",\"itemListElement\":[{\"@type\":\"ListItem\",\"position\":1,\"name\":\"Startseite\",\"item\":\"https:\/\/www.iridatrio.com\/en\/\"},{\"@type\":\"ListItem\",\"position\":2,\"name\":\"Imprint\"}]},{\"@type\":\"WebSite\",\"@id\":\"https:\/\/www.iridatrio.com\/en\/#website\",\"url\":\"https:\/\/www.iridatrio.com\/en\/\",\"name\":\"Irida Trio \u00b7 Piano Trio\",\"description\":\"\",\"publisher\":{\"@id\":\"https:\/\/www.iridatrio.com\/en\/#organization\"},\"potentialAction\":[{\"@type\":\"SearchAction\",\"target\":{\"@type\":\"EntryPoint\",\"urlTemplate\":\"https:\/\/www.iridatrio.com\/en\/?s={search_term_string}\"},\"query-input\":\"required name=search_term_string\"}],\"inLanguage\":\"en-US\"},{\"@type\":\"Organization\",\"@id\":\"https:\/\/www.iridatrio.com\/en\/#organization\",\"name\":\"Irida Trio\",\"url\":\"https:\/\/www.iridatrio.com\/en\/\",\"logo\":{\"@type\":\"ImageObject\",\"inLanguage\":\"en-US\",\"@id\":\"https:\/\/www.iridatrio.com\/en\/#\/schema\/logo\/image\/\",\"url\":\"https:\/\/www.iridatrio.com\/wp-content\/uploads\/2022\/10\/IRIDA-TRIO.jpg\",\"contentUrl\":\"https:\/\/www.iridatrio.com\/wp-content\/uploads\/2022\/10\/IRIDA-TRIO.jpg\",\"width\":1600,\"height\":1600,\"caption\":\"Irida Trio\"},\"image\":{\"@id\":\"https:\/\/www.iridatrio.com\/en\/#\/schema\/logo\/image\/\"},\"sameAs\":[\"https:\/\/www.facebook.com\/iridatrio\/\",\"https:\/\/www.instagram.com\/iridatrio\/\",\"https:\/\/youtube.com\/channel\/UC_RKq9A_iJF33AJgaTsIzzA\"]}]}<\/script>\n<!-- \/ Yoast SEO plugin. -->","yoast_head_json":{"title":"Imprint - Irida Trio \u00b7 Piano Trio","robots":{"index":"index","follow":"follow","max-snippet":"max-snippet:-1","max-image-preview":"max-image-preview:large","max-video-preview":"max-video-preview:-1"},"canonical":"https:\/\/www.iridatrio.com\/en\/imprint\/","og_locale":"en_US","og_type":"article","og_title":"Imprint - Irida Trio \u00b7 Piano Trio","og_description":"imprint Data protection according to \u00a7 5 TMG Irida Trio GbRHeinestra\u00dfe 1766121 Saarbr\u00fccken Represented by:Alexander Baier, Johanna Hempen, Oliver L\u00e9onard [&hellip;]","og_url":"https:\/\/www.iridatrio.com\/en\/imprint\/","og_site_name":"Irida Trio \u00b7 Piano Trio","article_publisher":"https:\/\/www.facebook.com\/iridatrio\/","article_modified_time":"2023-04-06T10:29:26+00:00","twitter_card":"summary_large_image","twitter_misc":{"Est. reading time":"2 minutes"},"schema":{"@context":"https:\/\/schema.org","@graph":[{"@type":"WebPage","@id":"https:\/\/www.iridatrio.com\/en\/imprint\/","url":"https:\/\/www.iridatrio.com\/en\/imprint\/","name":"Imprint - Irida Trio \u00b7 Piano Trio","isPartOf":{"@id":"https:\/\/www.iridatrio.com\/en\/#website"},"datePublished":"2022-10-08T10:06:51+00:00","dateModified":"2023-04-06T10:29:26+00:00","breadcrumb":{"@id":"https:\/\/www.iridatrio.com\/en\/imprint\/#breadcrumb"},"inLanguage":"en-US","potentialAction":[{"@type":"ReadAction","target":["https:\/\/www.iridatrio.com\/en\/imprint\/"]}]},{"@type":"BreadcrumbList","@id":"https:\/\/www.iridatrio.com\/en\/imprint\/#breadcrumb","itemListElement":[{"@type":"ListItem","position":1,"name":"Startseite","item":"https:\/\/www.iridatrio.com\/en\/"},{"@type":"ListItem","position":2,"name":"Imprint"}]},{"@type":"WebSite","@id":"https:\/\/www.iridatrio.com\/en\/#website","url":"https:\/\/www.iridatrio.com\/en\/","name":"Irida Trio \u00b7 Piano Trio","description":"","publisher":{"@id":"https:\/\/www.iridatrio.com\/en\/#organization"},"potentialAction":[{"@type":"SearchAction","target":{"@type":"EntryPoint","urlTemplate":"https:\/\/www.iridatrio.com\/en\/?s={search_term_string}"},"query-input":"required name=search_term_string"}],"inLanguage":"en-US"},{"@type":"Organization","@id":"https:\/\/www.iridatrio.com\/en\/#organization","name":"Irida Trio","url":"https:\/\/www.iridatrio.com\/en\/","logo":{"@type":"ImageObject","inLanguage":"en-US","@id":"https:\/\/www.iridatrio.com\/en\/#\/schema\/logo\/image\/","url":"https:\/\/www.iridatrio.com\/wp-content\/uploads\/2022\/10\/IRIDA-TRIO.jpg","contentUrl":"https:\/\/www.iridatrio.com\/wp-content\/uploads\/2022\/10\/IRIDA-TRIO.jpg","width":1600,"height":1600,"caption":"Irida Trio"},"image":{"@id":"https:\/\/www.iridatrio.com\/en\/#\/schema\/logo\/image\/"},"sameAs":["https:\/\/www.facebook.com\/iridatrio\/","https:\/\/www.instagram.com\/iridatrio\/","https:\/\/youtube.com\/channel\/UC_RKq9A_iJF33AJgaTsIzzA"]}]}},"mfb_rest_fields":["yoast_head","yoast_head_json"],"_links":{"self":[{"href":"https:\/\/www.iridatrio.com\/en\/wp-json\/wp\/v2\/pages\/823"}],"collection":[{"href":"https:\/\/www.iridatrio.com\/en\/wp-json\/wp\/v2\/pages"}],"about":[{"href":"https:\/\/www.iridatrio.com\/en\/wp-json\/wp\/v2\/types\/page"}],"author":[{"embeddable":true,"href":"https:\/\/www.iridatrio.com\/en\/wp-json\/wp\/v2\/users\/1"}],"replies":[{"embeddable":true,"href":"https:\/\/www.iridatrio.com\/en\/wp-json\/wp\/v2\/comments?post=823"}],"version-history":[{"count":2,"href":"https:\/\/www.iridatrio.com\/en\/wp-json\/wp\/v2\/pages\/823\/revisions"}],"predecessor-version":[{"id":906,"href":"https:\/\/www.iridatrio.com\/en\/wp-json\/wp\/v2\/pages\/823\/revisions\/906"}],"wp:attachment":[{"href":"https:\/\/www.iridatrio.com\/en\/wp-json\/wp\/v2\/media?parent=823"}],"curies":[{"name":"wp","href":"https:\/\/api.w.org\/{rel}","templated":true}]}}